{"id":4957,"date":"2019-04-15T16:08:14","date_gmt":"2019-04-15T14:08:14","guid":{"rendered":"https:\/\/www.bateaux-a-roue.fr\/contact-us\/"},"modified":"2025-05-16T17:04:26","modified_gmt":"2025-05-16T15:04:26","slug":"contact-us","status":"publish","type":"page","link":"https:\/\/www.bateaux-a-roue.fr\/en\/contact-us\/","title":{"rendered":"Contact Us"},"content":{"rendered":"<div class=\"wpb-content-wrapper\"><p>[vc_row rt_row_background_width=&#8221;fullwidth&#8221; rt_row_content_width=&#8221;default&#8221; rt_row_style=&#8221;default-style&#8221; rt_row_height=&#8221;&#8221; rt_row_borders=&#8221;&#8221; rt_row_shadows=&#8221;&#8221; rt_column_view=&#8221;equal_heights&#8221; rt_column_gaps=&#8221;&#8221; rt_row_paddings=&#8221;true&#8221; id=&#8221;contact&#8221; rt_bg_effect=&#8221;classic&#8221; rt_transparent_bg=&#8221;&#8221; rt_bg_image_repeat=&#8221;no-repeat&#8221; rt_bg_size=&#8221;cover&#8221; rt_bg_position=&#8221;center center&#8221; rt_bg_attachment=&#8221;scroll&#8221; rt_bg_video_format=&#8221;self-hosted&#8221; rt_content_margin_top=&#8221;80px&#8221; rt_padding_bottom=&#8221;40&#8243; rt_bg_color=&#8221;rgba(28,33,64,0.08)&#8221; rt_bg_image=&#8221;3193&#8243;][vc_column width=&#8221;1\/2&#8243; rt_color_set=&#8221;alt-style-1&#8243; rt_col_paddings=&#8221;true&#8221; rt_wrp_col_paddings=&#8221;false&#8221; rt_column_shadow=&#8221;&#8221; rt_border_top=&#8221;&#8221; rt_border_bottom=&#8221;&#8221; rt_border_left=&#8221;&#8221; rt_border_right=&#8221;&#8221; rt_border_top_mobile=&#8221;&#8221; rt_border_bottom_mobile=&#8221;&#8221; rt_border_left_mobile=&#8221;&#8221; rt_border_right_mobile=&#8221;&#8221; rt_bg_image_repeat=&#8221;repeat&#8221; rt_bg_size=&#8221;auto auto&#8221; rt_bg_position=&#8221;right top&#8221; rt_bg_attachment=&#8221;scroll&#8221; force_content_width=&#8221;yes&#8221; column_align=&#8221;right&#8221; rt_bg_color=&#8221;&#8221; rt_bg_overlay_color=&#8221;&#8221; rt_padding_top=&#8221;0&#8243; rt_padding_bottom=&#8221;0&#8243; rt_padding_left=&#8221;0&#8243; rt_padding_right=&#8221;0&#8243; class=&#8221;left&#8221; css=&#8221;.vc_custom_1547480872536{padding-top: 3vmax !important;padding-right: 3vmax !important;padding-bottom: 3vmax !important;padding-left: 3vmax !important;}&#8221;]<div class=\"rt_heading_wrapper style-3\">\n\t\t\t\t\t\t<h3 class=\"rt_heading  style-3\" >Contact info<\/h3> \n\t\t\t\t\t<\/div>[vc_empty_space height=&#8221;20px&#8221;]<article  class=\"icon-content-box content-box icon-left icon-style-3\"><div class=\"icon-holder\"><span class=\"icon-direction\"><\/span><\/div><div class=\"text-holder\"><h5 class=\"heading\">Address<\/h5> <p>Compagnie des Bateaux \u00e0 Roue<br \/>\n<span style=\"caret-color: #000000; color: #ffffff; font-family: Raleway; font-size: 14px;\">Port de Javel Haut, 75015 Paris<\/span><\/p>\n<\/div><\/article>[vc_empty_space height=&#8221;20px&#8221;]<article  class=\"icon-content-box content-box icon-left icon-style-3\"><div class=\"icon-holder\"><span class=\"icon-mail-1\"><\/span><\/div><div class=\"text-holder\"><h5 class=\"heading\">Email<\/h5> <p><a href=\"mailto:contactNOSPAM@bateauxaroue.com (enlever \">contactNOSPAM@bateauxaroue.com (enlever &#8220;NOSPAM&#8221;)<\/a><\/p>\n<\/div><\/article>[vc_empty_space height=&#8221;20px&#8221;]<article  class=\"icon-content-box content-box icon-left icon-style-3\"><div class=\"icon-holder\"><span class=\"icon-line-phone\"><\/span><\/div><div class=\"text-holder\"><h5 class=\"heading\">Phone<\/h5> <p><a href=\"tel:0140596060\">01 40 59 60 60<\/a><\/p>\n<\/div><\/article>[vc_separator style=&#8221;style-4&#8243; margin_top=&#8221;40&#8243; margin_bottom=&#8221;40&#8243;]<article  class=\"icon-content-box content-box icon-left icon-style-3\"><div class=\"icon-holder\"><span class=\"pho icon-line-phone\"><\/span><\/div><div class=\"text-holder\"> <p>Do you have a question? We\u2019ll call you back.<br \/>\nWe will call you back free of charge<br \/>\nMonday to Friday from 9am to 6.30pm<\/p>\n<\/div><\/article>\n<div class=\"wpcf7 no-js\" id=\"wpcf7-f5073-o1\" lang=\"fr-FR\" dir=\"ltr\" data-wpcf7-id=\"5073\">\n<div class=\"screen-reader-response\"><p role=\"status\" aria-live=\"polite\" aria-atomic=\"true\"><\/p> <ul><\/ul><\/div>\n<form action=\"\/en\/wp-json\/wp\/v2\/pages\/4957#wpcf7-f5073-o1\" method=\"post\" class=\"wpcf7-form init\" aria-label=\"Formulaire de contact\" novalidate=\"novalidate\" data-status=\"init\">\n<div style=\"display: none;\">\n<input type=\"hidden\" name=\"_wpcf7\" value=\"5073\" \/>\n<input type=\"hidden\" name=\"_wpcf7_version\" value=\"6.0.6\" \/>\n<input type=\"hidden\" name=\"_wpcf7_locale\" value=\"fr_FR\" \/>\n<input type=\"hidden\" name=\"_wpcf7_unit_tag\" value=\"wpcf7-f5073-o1\" \/>\n<input type=\"hidden\" name=\"_wpcf7_container_post\" value=\"0\" \/>\n<input type=\"hidden\" name=\"_wpcf7_posted_data_hash\" value=\"\" \/>\n<input type=\"hidden\" name=\"_wpcf7cf_hidden_group_fields\" value=\"[]\" \/>\n<input type=\"hidden\" name=\"_wpcf7cf_hidden_groups\" value=\"[]\" \/>\n<input type=\"hidden\" name=\"_wpcf7cf_visible_groups\" value=\"[]\" \/>\n<input type=\"hidden\" name=\"_wpcf7cf_repeaters\" value=\"[]\" \/>\n<input type=\"hidden\" name=\"_wpcf7cf_steps\" value=\"{}\" \/>\n<input type=\"hidden\" name=\"_wpcf7cf_options\" value=\"{&quot;form_id&quot;:5073,&quot;conditions&quot;:[],&quot;settings&quot;:{&quot;animation&quot;:&quot;yes&quot;,&quot;animation_intime&quot;:200,&quot;animation_outtime&quot;:200,&quot;conditions_ui&quot;:&quot;normal&quot;,&quot;notice_dismissed&quot;:false,&quot;notice_dismissed_rollback-cf7-5.4&quot;:true,&quot;notice_dismissed_update-cf7-6.0.1&quot;:true}}\" \/>\n<input type=\"hidden\" name=\"_wpcf7dtx_version\" value=\"5.0.3\" \/>\n<input type=\"hidden\" name=\"_wpcf7_recaptcha_response\" value=\"\" \/>\n<\/div>\n<div class=\"wrap\">\n\t<div class=\"input\">\n\t\t<p><span class=\"wpcf7-form-control-wrap\" data-name=\"tel-579\"><input size=\"40\" maxlength=\"400\" class=\"wpcf7-form-control wpcf7-tel wpcf7-validates-as-required wpcf7-text wpcf7-validates-as-tel\" aria-required=\"true\" aria-invalid=\"false\" placeholder=\"Phone*\" value=\"\" type=\"tel\" name=\"tel-579\" \/><\/span>\n\t\t<\/p>\n\t<\/div>\n<\/div>\n<p><input class=\"wpcf7-form-control wpcf7-submit has-spinner\" type=\"submit\" value=\"Call me back\" \/>\n<\/p><div class=\"wpcf7-response-output\" aria-hidden=\"true\"><\/div>\n<\/form>\n<\/div>\n[\/vc_column][vc_column width=&#8221;1\/2&#8243; rt_color_set=&#8221;default-style&#8221; rt_col_paddings=&#8221;true&#8221; rt_wrp_col_paddings=&#8221;false&#8221; rt_column_shadow=&#8221;&#8221; rt_border_top=&#8221;&#8221; rt_border_bottom=&#8221;&#8221; rt_border_left=&#8221;&#8221; rt_border_right=&#8221;&#8221; rt_border_top_mobile=&#8221;&#8221; rt_border_bottom_mobile=&#8221;&#8221; rt_border_left_mobile=&#8221;&#8221; rt_border_right_mobile=&#8221;&#8221; rt_bg_image_repeat=&#8221;repeat&#8221; rt_bg_size=&#8221;auto auto&#8221; rt_bg_position=&#8221;right top&#8221; rt_bg_attachment=&#8221;scroll&#8221; rt_bg_color=&#8221;&#8221; rt_bg_overlay_color=&#8221;&#8221; rt_padding_top=&#8221;0&#8243; rt_padding_bottom=&#8221;0&#8243; rt_padding_left=&#8221;0&#8243; rt_padding_right=&#8221;0&#8243; css=&#8221;.vc_custom_1547480955871{padding-top: 3vmax !important;padding-right: 3vmax !important;padding-bottom: 3vmax !important;padding-left: 3vmax !important;}&#8221;]<div class=\"rt_heading_wrapper style-3\">\n\t\t\t\t\t\t<h3 class=\"rt_heading  style-3\" >Contact us<\/h3> \n\t\t\t\t\t<\/div>\n<div class=\"wpcf7 no-js\" id=\"wpcf7-f5079-o2\" lang=\"fr-FR\" dir=\"ltr\" data-wpcf7-id=\"5079\">\n<div class=\"screen-reader-response\"><p role=\"status\" aria-live=\"polite\" aria-atomic=\"true\"><\/p> <ul><\/ul><\/div>\n<form action=\"\/en\/wp-json\/wp\/v2\/pages\/4957#wpcf7-f5079-o2\" method=\"post\" class=\"wpcf7-form init\" aria-label=\"Formulaire de contact\" novalidate=\"novalidate\" data-status=\"init\">\n<div style=\"display: none;\">\n<input type=\"hidden\" name=\"_wpcf7\" value=\"5079\" \/>\n<input type=\"hidden\" name=\"_wpcf7_version\" value=\"6.0.6\" \/>\n<input type=\"hidden\" name=\"_wpcf7_locale\" value=\"fr_FR\" \/>\n<input type=\"hidden\" name=\"_wpcf7_unit_tag\" value=\"wpcf7-f5079-o2\" \/>\n<input type=\"hidden\" name=\"_wpcf7_container_post\" value=\"0\" \/>\n<input type=\"hidden\" name=\"_wpcf7_posted_data_hash\" value=\"\" \/>\n<input type=\"hidden\" name=\"_wpcf7cf_hidden_group_fields\" value=\"[]\" \/>\n<input type=\"hidden\" name=\"_wpcf7cf_hidden_groups\" value=\"[]\" \/>\n<input type=\"hidden\" name=\"_wpcf7cf_visible_groups\" value=\"[]\" \/>\n<input type=\"hidden\" name=\"_wpcf7cf_repeaters\" value=\"[]\" \/>\n<input type=\"hidden\" name=\"_wpcf7cf_steps\" value=\"{}\" \/>\n<input type=\"hidden\" name=\"_wpcf7cf_options\" value=\"{&quot;form_id&quot;:5079,&quot;conditions&quot;:[],&quot;settings&quot;:{&quot;animation&quot;:&quot;yes&quot;,&quot;animation_intime&quot;:200,&quot;animation_outtime&quot;:200,&quot;conditions_ui&quot;:&quot;normal&quot;,&quot;notice_dismissed&quot;:false,&quot;notice_dismissed_rollback-cf7-5.4&quot;:true,&quot;notice_dismissed_update-cf7-6.0.1&quot;:true}}\" \/>\n<input type=\"hidden\" name=\"_wpcf7dtx_version\" value=\"5.0.3\" \/>\n<input type=\"hidden\" name=\"_wpcf7_recaptcha_response\" value=\"\" \/>\n<\/div>\n<div class=\"content_row_wrapper clearfix default form\">\n\t<div class=\"col col-xs-12 col-md-12\">\n\t\t<div class=\"wrap\">\n\t\t\t<div class=\"input\">\n\t\t\t\t<p><span class=\"wpcf7-form-control-wrap\" data-name=\"civilite\"><select class=\"wpcf7-form-control wpcf7-select wpcf7-validates-as-required\" aria-required=\"true\" aria-invalid=\"false\" name=\"civilite\"><option value=\"Mr.\">Mr.<\/option><option value=\"Mrs.\">Mrs.<\/option><option value=\"Ms.\">Ms.<\/option><\/select><\/span>\n\t\t\t\t<\/p>\n\t\t\t<\/div>\n\t\t<\/div>\n\t\t<div class=\"wrap\">\n\t\t\t<div class=\"input\">\n\t\t\t\t<p><span class=\"wpcf7-form-control-wrap\" data-name=\"nom\"><input size=\"40\" maxlength=\"400\" class=\"wpcf7-form-control wpcf7-text wpcf7-validates-as-required\" aria-required=\"true\" aria-invalid=\"false\" placeholder=\"Last name*\" value=\"\" type=\"text\" name=\"nom\" \/><\/span>\n\t\t\t\t<\/p>\n\t\t\t<\/div>\n\t\t<\/div>\n\t\t<div class=\"wrap\">\n\t\t\t<div class=\"input\">\n\t\t\t\t<p><span class=\"wpcf7-form-control-wrap\" data-name=\"prenom\"><input size=\"40\" maxlength=\"400\" class=\"wpcf7-form-control wpcf7-text wpcf7-validates-as-required\" aria-required=\"true\" aria-invalid=\"false\" placeholder=\"First name*\" value=\"\" type=\"text\" name=\"prenom\" \/><\/span>\n\t\t\t\t<\/p>\n\t\t\t<\/div>\n\t\t<\/div>\n\t\t<div class=\"wrap\">\n\t\t\t<div class=\"input\">\n\t\t\t\t<p><span class=\"wpcf7-form-control-wrap\" data-name=\"email-429\"><input size=\"40\" maxlength=\"400\" class=\"wpcf7-form-control wpcf7-email wpcf7-validates-as-required wpcf7-text wpcf7-validates-as-email\" aria-required=\"true\" aria-invalid=\"false\" placeholder=\"Email*\" value=\"\" type=\"email\" name=\"email-429\" \/><\/span>\n\t\t\t\t<\/p>\n\t\t\t<\/div>\n\t\t<\/div>\n\t\t<div class=\"wrap\">\n\t\t\t<div class=\"input\">\n\t\t\t\t<p><span class=\"wpcf7-form-control-wrap\" data-name=\"textarea-565\"><textarea cols=\"40\" rows=\"10\" maxlength=\"2000\" class=\"wpcf7-form-control wpcf7-textarea wpcf7-validates-as-required\" aria-required=\"true\" aria-invalid=\"false\" placeholder=\"Message*\" name=\"textarea-565\"><\/textarea><\/span>\n\t\t\t\t<\/p>\n\t\t\t<\/div>\n\t\t<\/div>\n\t<input class=\"wpcf7-form-control wpcf7-hidden\" value=\"\" type=\"hidden\" name=\"utm_source\" \/>\n\t<\/div>\n\t<div class=\"col col-xs-12 col-md-12\">\n\t\t<p class=\"small\">* Fields marked with an asterisk are required.\n\t\t<\/p>\n\t\t<p><input class=\"wpcf7-form-control wpcf7-submit has-spinner\" type=\"submit\" value=\"Send\" \/>\n\t\t<\/p>\n\t<\/div>\n<\/div><div class=\"wpcf7-response-output\" aria-hidden=\"true\"><\/div>\n<\/form>\n<\/div>\n[\/vc_column][\/vc_row][vc_row rt_row_background_width=&#8221;fullwidth&#8221; rt_row_content_width=&#8221;fullwidth&#8221; rt_row_style=&#8221;default-style&#8221; rt_row_height=&#8221;&#8221; rt_column_placement=&#8221;middle&#8221; rt_row_borders=&#8221;&#8221; rt_row_shadows=&#8221;&#8221; rt_column_gaps=&#8221;&#8221; rt_row_paddings=&#8221;true&#8221; rt_bg_effect=&#8221;classic&#8221; rt_transparent_bg=&#8221;&#8221; rt_bg_image_repeat=&#8221;repeat&#8221; rt_bg_size=&#8221;cover&#8221; rt_bg_position=&#8221;right top&#8221; rt_bg_attachment=&#8221;scroll&#8221; rt_bg_video_format=&#8221;self-hosted&#8221; rt_padding_top=&#8221;0&#8243; rt_padding_bottom=&#8221;0&#8243; rt_bg_color=&#8221;#d8d8d8&#8243;][vc_column rt_col_paddings=&#8221;false&#8221; rt_wrp_col_paddings=&#8221;false&#8221; rt_column_shadow=&#8221;&#8221; rt_border_top=&#8221;&#8221; rt_border_bottom=&#8221;&#8221; rt_border_left=&#8221;&#8221; rt_border_right=&#8221;&#8221; rt_border_top_mobile=&#8221;&#8221; rt_border_bottom_mobile=&#8221;&#8221; rt_border_left_mobile=&#8221;&#8221; rt_border_right_mobile=&#8221;&#8221; rt_bg_image_repeat=&#8221;repeat&#8221; rt_bg_size=&#8221;auto auto&#8221; rt_bg_position=&#8221;right top&#8221; rt_bg_attachment=&#8221;scroll&#8221; force_content_width=&#8221;yes&#8221; column_align=&#8221;right&#8221; rt_bg_color=&#8221;&#8221; rt_bg_overlay_color=&#8221;&#8221;]<div class=\"google_map_holder\" data-height=\"700\" data-scope=\"#map-209698\" data-bw=\"\">\n\n\t\t\t<div id=\"map-209698\" class=\"google_map\"><\/div>\n\t\t\t<script type=\"text\/javascript\">\n\t\t\t \/* <![CDATA[ *\/ \n\t\t\t\t\/\/ Runs google maps\t\n\t\t\t\t\tjQuery(function() {\n\t\t\t\t\t\tjQuery(\"#map-209698\").appit_rt_maps([[\"La Compagnie des Bateaux \u00e0 Roue\", 48.847176, 2.277553, 4,\"Port de Javel Haut, 75015 Paris\"],],18); \n\t\t\t\t\t});\n\t\t\t\/* ]]> *\/\t\n\t\t\t<\/script>\n\n\t\t<\/div>[\/vc_column][\/vc_row]<\/p>\n<\/div>","protected":false},"excerpt":{"rendered":"<p>[vc_row rt_row_background_width=&#8221;fullwidth&#8221; rt_row_content_width=&#8221;default&#8221; rt_row_style=&#8221;default-style&#8221; rt_row_height=&#8221;&#8221; rt_row_borders=&#8221;&#8221; rt_row_shadows=&#8221;&#8221; rt_column_view=&#8221;equal_heights&#8221; rt_column_gaps=&#8221;&#8221; rt_row_paddings=&#8221;true&#8221; id=&#8221;contact&#8221; rt_bg_effect=&#8221;classic&#8221; rt_transparent_bg=&#8221;&#8221; rt_bg_image_repeat=&#8221;no-repeat&#8221; rt_bg_size=&#8221;cover&#8221; rt_bg_position=&#8221;center center&#8221; rt_bg_attachment=&#8221;scroll&#8221; rt_bg_video_format=&#8221;self-hosted&#8221; rt_content_margin_top=&#8221;80px&#8221; rt_padding_bottom=&#8221;40&#8243; rt_bg_color=&#8221;rgba(28,33,64,0.08)&#8221; rt_bg_image=&#8221;3193&#8243;][vc_column width=&#8221;1\/2&#8243; rt_color_set=&#8221;alt-style-1&#8243; rt_col_paddings=&#8221;true&#8221; rt_wrp_col_paddings=&#8221;false&#8221; rt_column_shadow=&#8221;&#8221; rt_border_top=&#8221;&#8221; rt_border_bottom=&#8221;&#8221; rt_border_left=&#8221;&#8221; rt_border_right=&#8221;&#8221; rt_border_top_mobile=&#8221;&#8221; rt_border_bottom_mobile=&#8221;&#8221; rt_border_left_mobile=&#8221;&#8221; rt_border_right_mobile=&#8221;&#8221; rt_bg_image_repeat=&#8221;repeat&#8221; rt_bg_size=&#8221;auto auto&#8221; rt_bg_position=&#8221;right top&#8221; rt_bg_attachment=&#8221;scroll&#8221; force_content_width=&#8221;yes&#8221; column_align=&#8221;right&#8221; rt_bg_color=&#8221;&#8221; rt_bg_overlay_color=&#8221;&#8221; rt_padding_top=&#8221;0&#8243; rt_padding_bottom=&#8221;0&#8243; rt_padding_left=&#8221;0&#8243; rt_padding_right=&#8221;0&#8243; class=&#8221;left&#8221; css=&#8221;.vc_custom_1547480872536{padding-top: 3vmax !important;padding-right: 3vmax &#8230; <a class=\"more-link\" href=\"https:\/\/www.bateaux-a-roue.fr\/en\/contact-us\/\">Continue reading<\/a><\/p>\n","protected":false},"author":1,"featured_media":0,"parent":0,"menu_order":0,"comment_status":"closed","ping_status":"closed","template":"","meta":{"_acf_changed":false,"_monsterinsights_skip_tracking":false,"_monsterinsights_sitenote_active":false,"_monsterinsights_sitenote_note":"","_monsterinsights_sitenote_category":0,"footnotes":""},"class_list":["post-4957","page","type-page","status-publish","hentry"],"acf":[],"yoast_head":"<!-- This site is optimized with the Yoast SEO plugin v25.1 - https:\/\/yoast.com\/wordpress\/plugins\/seo\/ -->\n<title>Contact Us - Compagnie des Bateaux \u00e0 Roue<\/title>\n<meta name=\"robots\" content=\"index, follow, max-snippet:-1, max-image-preview:large, max-video-preview:-1\" \/>\n<link rel=\"canonical\" href=\"https:\/\/www.bateaux-a-roue.fr\/en\/contact-us\/\" \/>\n<meta property=\"og:locale\" content=\"en_US\" \/>\n<meta property=\"og:type\" content=\"article\" \/>\n<meta property=\"og:title\" content=\"Contact Us - Compagnie des Bateaux \u00e0 Roue\" \/>\n<meta property=\"og:description\" content=\"[vc_row rt_row_background_width=&#8221;fullwidth&#8221; rt_row_content_width=&#8221;default&#8221; rt_row_style=&#8221;default-style&#8221; rt_row_height=&#8221;&#8221; rt_row_borders=&#8221;&#8221; rt_row_shadows=&#8221;&#8221; rt_column_view=&#8221;equal_heights&#8221; rt_column_gaps=&#8221;&#8221; rt_row_paddings=&#8221;true&#8221; id=&#8221;contact&#8221; rt_bg_effect=&#8221;classic&#8221; rt_transparent_bg=&#8221;&#8221; rt_bg_image_repeat=&#8221;no-repeat&#8221; rt_bg_size=&#8221;cover&#8221; rt_bg_position=&#8221;center center&#8221; rt_bg_attachment=&#8221;scroll&#8221; rt_bg_video_format=&#8221;self-hosted&#8221; rt_content_margin_top=&#8221;80px&#8221; rt_padding_bottom=&#8221;40&#8243; rt_bg_color=&#8221;rgba(28,33,64,0.08)&#8221; rt_bg_image=&#8221;3193&#8243;][vc_column width=&#8221;1\/2&#8243; rt_color_set=&#8221;alt-style-1&#8243; rt_col_paddings=&#8221;true&#8221; rt_wrp_col_paddings=&#8221;false&#8221; rt_column_shadow=&#8221;&#8221; rt_border_top=&#8221;&#8221; rt_border_bottom=&#8221;&#8221; rt_border_left=&#8221;&#8221; rt_border_right=&#8221;&#8221; rt_border_top_mobile=&#8221;&#8221; rt_border_bottom_mobile=&#8221;&#8221; rt_border_left_mobile=&#8221;&#8221; rt_border_right_mobile=&#8221;&#8221; rt_bg_image_repeat=&#8221;repeat&#8221; rt_bg_size=&#8221;auto auto&#8221; rt_bg_position=&#8221;right top&#8221; rt_bg_attachment=&#8221;scroll&#8221; force_content_width=&#8221;yes&#8221; column_align=&#8221;right&#8221; rt_bg_color=&#8221;&#8221; rt_bg_overlay_color=&#8221;&#8221; rt_padding_top=&#8221;0&#8243; rt_padding_bottom=&#8221;0&#8243; rt_padding_left=&#8221;0&#8243; rt_padding_right=&#8221;0&#8243; class=&#8221;left&#8221; css=&#8221;.vc_custom_1547480872536{padding-top: 3vmax !important;padding-right: 3vmax [&hellip;]\" \/>\n<meta property=\"og:url\" content=\"https:\/\/www.bateaux-a-roue.fr\/en\/contact-us\/\" \/>\n<meta property=\"og:site_name\" content=\"Compagnie des Bateaux \u00e0 Roue\" \/>\n<meta property=\"article:modified_time\" content=\"2025-05-16T15:04:26+00:00\" \/>\n<meta name=\"twitter:card\" content=\"summary_large_image\" \/>\n<meta name=\"twitter:label1\" content=\"Est. reading time\" \/>\n\t<meta name=\"twitter:data1\" content=\"2 minutes\" \/>\n<script type=\"application\/ld+json\" class=\"yoast-schema-graph\">{\"@context\":\"https:\/\/schema.org\",\"@graph\":[{\"@type\":\"WebPage\",\"@id\":\"https:\/\/www.bateaux-a-roue.fr\/en\/contact-us\/\",\"url\":\"https:\/\/www.bateaux-a-roue.fr\/en\/contact-us\/\",\"name\":\"Contact Us - Compagnie des Bateaux \u00e0 Roue\",\"isPartOf\":{\"@id\":\"https:\/\/www.bateaux-a-roue.fr\/#website\"},\"datePublished\":\"2019-04-15T14:08:14+00:00\",\"dateModified\":\"2025-05-16T15:04:26+00:00\",\"breadcrumb\":{\"@id\":\"https:\/\/www.bateaux-a-roue.fr\/en\/contact-us\/#breadcrumb\"},\"inLanguage\":\"en-US\",\"potentialAction\":[{\"@type\":\"ReadAction\",\"target\":[\"https:\/\/www.bateaux-a-roue.fr\/en\/contact-us\/\"]}]},{\"@type\":\"BreadcrumbList\",\"@id\":\"https:\/\/www.bateaux-a-roue.fr\/en\/contact-us\/#breadcrumb\",\"itemListElement\":[{\"@type\":\"ListItem\",\"position\":1,\"name\":\"Home\",\"item\":\"https:\/\/www.bateaux-a-roue.fr\/en\/\"},{\"@type\":\"ListItem\",\"position\":2,\"name\":\"Contact Us\"}]},{\"@type\":\"WebSite\",\"@id\":\"https:\/\/www.bateaux-a-roue.fr\/#website\",\"url\":\"https:\/\/www.bateaux-a-roue.fr\/\",\"name\":\"Compagnie des Bateaux \u00e0 Roue\",\"description\":\"Croisi\u00e8res &amp; R\u00e9ceptions\",\"potentialAction\":[{\"@type\":\"SearchAction\",\"target\":{\"@type\":\"EntryPoint\",\"urlTemplate\":\"https:\/\/www.bateaux-a-roue.fr\/?s={search_term_string}\"},\"query-input\":{\"@type\":\"PropertyValueSpecification\",\"valueRequired\":true,\"valueName\":\"search_term_string\"}}],\"inLanguage\":\"en-US\"}]}<\/script>\n<!-- \/ Yoast SEO plugin. -->","yoast_head_json":{"title":"Contact Us - Compagnie des Bateaux \u00e0 Roue","robots":{"index":"index","follow":"follow","max-snippet":"max-snippet:-1","max-image-preview":"max-image-preview:large","max-video-preview":"max-video-preview:-1"},"canonical":"https:\/\/www.bateaux-a-roue.fr\/en\/contact-us\/","og_locale":"en_US","og_type":"article","og_title":"Contact Us - Compagnie des Bateaux \u00e0 Roue","og_description":"[vc_row rt_row_background_width=&#8221;fullwidth&#8221; rt_row_content_width=&#8221;default&#8221; rt_row_style=&#8221;default-style&#8221; rt_row_height=&#8221;&#8221; rt_row_borders=&#8221;&#8221; rt_row_shadows=&#8221;&#8221; rt_column_view=&#8221;equal_heights&#8221; rt_column_gaps=&#8221;&#8221; rt_row_paddings=&#8221;true&#8221; id=&#8221;contact&#8221; rt_bg_effect=&#8221;classic&#8221; rt_transparent_bg=&#8221;&#8221; rt_bg_image_repeat=&#8221;no-repeat&#8221; rt_bg_size=&#8221;cover&#8221; rt_bg_position=&#8221;center center&#8221; rt_bg_attachment=&#8221;scroll&#8221; rt_bg_video_format=&#8221;self-hosted&#8221; rt_content_margin_top=&#8221;80px&#8221; rt_padding_bottom=&#8221;40&#8243; rt_bg_color=&#8221;rgba(28,33,64,0.08)&#8221; rt_bg_image=&#8221;3193&#8243;][vc_column width=&#8221;1\/2&#8243; rt_color_set=&#8221;alt-style-1&#8243; rt_col_paddings=&#8221;true&#8221; rt_wrp_col_paddings=&#8221;false&#8221; rt_column_shadow=&#8221;&#8221; rt_border_top=&#8221;&#8221; rt_border_bottom=&#8221;&#8221; rt_border_left=&#8221;&#8221; rt_border_right=&#8221;&#8221; rt_border_top_mobile=&#8221;&#8221; rt_border_bottom_mobile=&#8221;&#8221; rt_border_left_mobile=&#8221;&#8221; rt_border_right_mobile=&#8221;&#8221; rt_bg_image_repeat=&#8221;repeat&#8221; rt_bg_size=&#8221;auto auto&#8221; rt_bg_position=&#8221;right top&#8221; rt_bg_attachment=&#8221;scroll&#8221; force_content_width=&#8221;yes&#8221; column_align=&#8221;right&#8221; rt_bg_color=&#8221;&#8221; rt_bg_overlay_color=&#8221;&#8221; rt_padding_top=&#8221;0&#8243; rt_padding_bottom=&#8221;0&#8243; rt_padding_left=&#8221;0&#8243; rt_padding_right=&#8221;0&#8243; class=&#8221;left&#8221; css=&#8221;.vc_custom_1547480872536{padding-top: 3vmax !important;padding-right: 3vmax [&hellip;]","og_url":"https:\/\/www.bateaux-a-roue.fr\/en\/contact-us\/","og_site_name":"Compagnie des Bateaux \u00e0 Roue","article_modified_time":"2025-05-16T15:04:26+00:00","twitter_card":"summary_large_image","twitter_misc":{"Est. reading time":"2 minutes"},"schema":{"@context":"https:\/\/schema.org","@graph":[{"@type":"WebPage","@id":"https:\/\/www.bateaux-a-roue.fr\/en\/contact-us\/","url":"https:\/\/www.bateaux-a-roue.fr\/en\/contact-us\/","name":"Contact Us - Compagnie des Bateaux \u00e0 Roue","isPartOf":{"@id":"https:\/\/www.bateaux-a-roue.fr\/#website"},"datePublished":"2019-04-15T14:08:14+00:00","dateModified":"2025-05-16T15:04:26+00:00","breadcrumb":{"@id":"https:\/\/www.bateaux-a-roue.fr\/en\/contact-us\/#breadcrumb"},"inLanguage":"en-US","potentialAction":[{"@type":"ReadAction","target":["https:\/\/www.bateaux-a-roue.fr\/en\/contact-us\/"]}]},{"@type":"BreadcrumbList","@id":"https:\/\/www.bateaux-a-roue.fr\/en\/contact-us\/#breadcrumb","itemListElement":[{"@type":"ListItem","position":1,"name":"Home","item":"https:\/\/www.bateaux-a-roue.fr\/en\/"},{"@type":"ListItem","position":2,"name":"Contact Us"}]},{"@type":"WebSite","@id":"https:\/\/www.bateaux-a-roue.fr\/#website","url":"https:\/\/www.bateaux-a-roue.fr\/","name":"Compagnie des Bateaux \u00e0 Roue","description":"Croisi\u00e8res &amp; R\u00e9ceptions","potentialAction":[{"@type":"SearchAction","target":{"@type":"EntryPoint","urlTemplate":"https:\/\/www.bateaux-a-roue.fr\/?s={search_term_string}"},"query-input":{"@type":"PropertyValueSpecification","valueRequired":true,"valueName":"search_term_string"}}],"inLanguage":"en-US"}]}},"_links":{"self":[{"href":"https:\/\/www.bateaux-a-roue.fr\/en\/wp-json\/wp\/v2\/pages\/4957","targetHints":{"allow":["GET"]}}],"collection":[{"href":"https:\/\/www.bateaux-a-roue.fr\/en\/wp-json\/wp\/v2\/pages"}],"about":[{"href":"https:\/\/www.bateaux-a-roue.fr\/en\/wp-json\/wp\/v2\/types\/page"}],"author":[{"embeddable":true,"href":"https:\/\/www.bateaux-a-roue.fr\/en\/wp-json\/wp\/v2\/users\/1"}],"replies":[{"embeddable":true,"href":"https:\/\/www.bateaux-a-roue.fr\/en\/wp-json\/wp\/v2\/comments?post=4957"}],"version-history":[{"count":5,"href":"https:\/\/www.bateaux-a-roue.fr\/en\/wp-json\/wp\/v2\/pages\/4957\/revisions"}],"predecessor-version":[{"id":11314,"href":"https:\/\/www.bateaux-a-roue.fr\/en\/wp-json\/wp\/v2\/pages\/4957\/revisions\/11314"}],"wp:attachment":[{"href":"https:\/\/www.bateaux-a-roue.fr\/en\/wp-json\/wp\/v2\/media?parent=4957"}],"curies":[{"name":"wp","href":"https:\/\/api.w.org\/{rel}","templated":true}]}}